{"id":21,"date":"2019-12-06T22:28:07","date_gmt":"2019-12-06T22:28:07","guid":{"rendered":"http:\/\/szepmagyarbeszed.hu\/?page_id=21"},"modified":"2019-12-13T22:31:06","modified_gmt":"2019-12-13T22:31:06","slug":"kazinczy-dijasok","status":"publish","type":"page","link":"https:\/\/szepmagyarbeszed.hu\/?page_id=21","title":{"rendered":"KAZINCZY-D\u00cdJASOK"},"content":{"rendered":"\n<p>P\u00e9chy Blanka sz\u00ednm\u0171v\u00e9szn\u0151 1963-ban d\u00edjat alap\u00edtott Kazinczy Ferencr\u0151l elnevezve azon hivat\u00e1sos besz\u00e9l\u0151k (sz\u00edn\u00e9szek, \u00e9nekesek, a m\u00e9dia szerepl\u0151i), illetve pedag\u00f3gusok \u00e9s az ifj\u00fas\u00e1g sz\u00e1m\u00e1ra, akik p\u00e9ldamutat\u00f3an sz\u00e9p nyelvhaszn\u00e1latuk (els\u0151sorban kiejt\u00e9s\u00fck) r\u00e9v\u00e9n sokat tesznek a magyar nyelv \u00e1pol\u00e1s\u00e1nak \u00fcgy\u00e9\u00e9rt. A P\u00e9chy Blanka hal\u00e1l\u00e1t k\u00f6vet\u0151en l\u00e9trehozott&nbsp;<em>Kazinczy-d\u00edj Alap\u00edtv\u00e1ny\u2009\u2013\u2009P\u00e9chy Blanka Eml\u00e9k\u00e9re<\/em>&nbsp;\u00e9vente Kazinczy-d\u00edjjal jutalmazza<\/p>\n\n\n\n<ul><li>a magyar nyelvet p\u00e9ldamutat\u00f3an besz\u00e9l\u0151 pr\u00f3zai vagy \u00e9nekes sz\u00ednm\u0171v\u00e9szeket, illet\u0151leg hivat\u00e1sos vers- \u00e9s pr\u00f3zamond\u00f3kat;<\/li><li>a magyar nyelvet p\u00e9ldamutat\u00f3an besz\u00e9l\u0151 r\u00e1di\u00f3s vagy telev\u00edzi\u00f3s bemond\u00f3kat, illet\u0151leg m\u00e1s fontos ad\u00e1sok \u00e1lland\u00f3 r\u00e9sztvev\u0151it (kiv\u00e9ve a sz\u00ednh\u00e1zi szerz\u0151d\u00e9ssel b\u00edr\u00f3 sz\u00edn\u00e9szeket);<\/li><li>besz\u00e9dm\u0171vel\u0151 szakk\u00f6rt vezet\u0151 vagy anyanyelvi versenyekre rendszeresen felk\u00e9sz\u00edt\u0151 magyartan\u00e1rokat, akik n\u00f6ved\u00e9keik sikereivel igazolj\u00e1k munk\u00e1juk eredm\u00e9nyess\u00e9g\u00e9t.<\/li><\/ul>\n\n\n\n<h3>A Kazinczy-d\u00edj kit\u00fcntetettjei:<\/h3>\n\n\n\n<p> 1963 <strong>Makay Margit<\/strong> sz\u00ednm\u0171v\u00e9sz<br> 1964 <strong>K\u00f6rmendy L\u00e1szl\u00f3 <\/strong>r\u00e1di\u00f3bemond\u00f3<br> 1966 <strong>V\u00e1rday Zolt\u00e1n<\/strong> sz\u00ednm\u0171v\u00e9sz<br> 1967 <strong>R\u00e1day Imre<\/strong> sz\u00ednm\u0171v\u00e9sz<br> 1968 <strong>P\u00e1los Gy\u00f6rgy <\/strong>sz\u00ednm\u0171v\u00e9sz<\/p>\n\n\n\n<p> 1970 <strong>K\u00e1d\u00e1r G\u00e9za<\/strong> tan\u00e1r, <strong>Z. Szab\u00f3 L\u00e1szl\u00f3<\/strong> tan\u00e1r<br> 1971 <strong>Horv\u00e1th S\u00e1ndor <\/strong>sz\u00ednm\u0171v\u00e9sz<br> 1972 <strong>Medgyessy P\u00e1l <\/strong>sz\u00ednm\u0171v\u00e9sz, <strong>Sa\u00e1rossy Kinga<\/strong> sz\u00ednm\u0171v\u00e9sz<br> 1973 <strong>Er\u0151ss Anna<\/strong> r\u00e1di\u00f3bemond\u00f3, <strong>Hajas Ilona<\/strong> telev\u00edzi\u00f3s bemond\u00f3<br> 19?? <strong>Varga J\u00f3zsef <\/strong>bemond\u00f3 <strong>Sz\u00e1dv\u00e1ri Gabriella<\/strong> az MTV bemond\u00f3ja<br> 1974 <strong>Melis Gy\u00f6rgy <\/strong>opera\u00e9nekes<br> 1976 <strong>Megyer Szabolcs<\/strong> tan\u00e1r<br> 1977 <strong>Csom\u00f3s Mari <\/strong>sz\u00ednm\u0171v\u00e9sz, <strong>Jancs\u00f3 Adrienne <\/strong>el\u0151ad\u00f3m\u0171v\u00e9sz<br> 1978 <strong>Kov\u00e1csn\u00e9 Vermes Stef\u00e1nia dr. <\/strong>tan\u00e1r, <strong>S\u00e1rossy J\u00f3zsefn\u00e9<\/strong> tan\u00e1r<br> 1979 <strong>Egressy Istv\u00e1n<\/strong> r\u00e1di\u00f3bemond\u00f3, <strong>Szil\u00e1gyi P\u00e9tern\u00e9<\/strong> tan\u00e1r<\/p>\n\n\n\n<p> 1980 <strong>Nagy Attila <\/strong>sz\u00ednm\u0171v\u00e9sz<br> 1981 <strong>Gerencs\u00e9r \u00c9va <\/strong>tan\u00e1r, <strong>Moys Kl\u00e1ra<\/strong> tan\u00e1r<br> 1982 <strong>Katona Rezs\u0151n\u00e9 <\/strong>tan\u00e1r, <strong>Rapcs\u00e1nyi L\u00e1szl\u00f3<\/strong> r\u00e1di\u00f3riporter<br> 1983 <strong>Sinkovits Imre<\/strong> sz\u00ednm\u0171v\u00e9sz, <strong>Uri Istv\u00e1n<\/strong> sz\u00ednm\u0171v\u00e9sz<br> 1984 <strong>Dr. Kov\u00e1ts D\u00e1niel <\/strong>f\u0151iskolai tan\u00e1r, <strong>Mikl\u00f3s J\u00f3zsef <\/strong>tan\u00e1r<br> 1985 <strong>Bagi \u00c1d\u00e1mn\u00e9 <\/strong>tan\u00e1r, <strong>Kov\u00e1cs P. J\u00f3zsef <\/strong>telev\u00edzi\u00f3bemond\u00f3<br> 1986 <strong>N\u00e9methy Ferenc<\/strong> sz\u00ednm\u0171v\u00e9sz, <strong>Zentai L\u00e1szl\u00f3<\/strong> tan\u00e1r<br> 1987 <strong>K\u00f6vesi J\u00f3zsefn\u00e9<\/strong> tan\u00e1r, <strong>Venczel Vera <\/strong>sz\u00ednm\u0171v\u00e9sz<br> 1988 <strong>Ott Gy\u00f6rgyn\u00e9 <\/strong>tan\u00e1r, <strong>T\u00f6r\u00f6k Annam\u00e1ria<\/strong> r\u00e1di\u00f3bemond\u00f3<br> 1989 <strong>B\u00e1nffy Gy\u00f6rgy <\/strong>sz\u00ednm\u0171v\u00e9sz, <strong>Kohut Magda<\/strong> sz\u00ednm\u0171v\u00e9sz, <strong>Rozgonyin\u00e9 Moln\u00e1r Emma<\/strong> f\u0151iskolai tan\u00e1r<\/p>\n\n\n\n<p> 1990 <strong>Bak\u00f3n\u00e9 Aradi \u00c9va<\/strong> tan\u00e1r, <strong>H\u00e9rics Lajosn\u00e9 <\/strong>tan\u00e1r, <strong>Karsain\u00e9 Horv\u00e1th Kl\u00e1ra<\/strong> tan\u00e1r, <strong>Miskolczi Margit<\/strong> tan\u00e1r<br> 1991 <strong>Cs\u00e1k Elem\u00e9r<\/strong> \u00fajs\u00e1g\u00edr\u00f3, <strong>Guly\u00e1s Istv\u00e1nn\u00e9<\/strong> tan\u00e1r, <strong>Tatay \u00c9va<\/strong> el\u0151ad\u00f3m\u0171v\u00e9sz<br> 1992 <strong>H\u00e9jja S\u00e1ndor<\/strong> sz\u00ednm\u0171v\u00e9sz, <strong>Kerekes Barnab\u00e1s <\/strong>tan\u00e1r, <strong>Koncz Zsuzsa <\/strong>el\u0151ad\u00f3m\u0171v\u00e9sz<br> 1993 <strong>Kov\u00e1cs Ferencn\u00e9<\/strong> k\u00f6z\u00e9piskolai tan\u00e1r, <strong>Dr. Moln\u00e1r Ildik\u00f3<\/strong> egyetemi adjunktus, <strong>Sz\u0151csn\u00e9 Antal Ir\u00e9n<\/strong> \u00e1ltal\u00e1nos iskolai tan\u00e1r<br> 1994 <strong>Bartol Antal <\/strong>szakiskolai tan\u00e1r, <strong>Dr. Durucz Istv\u00e1nn\u00e9<\/strong> k\u00f6z\u00e9piskolai tan\u00e1r, <strong>Kert\u00e9sz Zsuzsa<\/strong> bemond\u00f3<br> 1995 <strong>Csikos S\u00e1ndor <\/strong>sz\u00ednm\u0171v\u00e9sz, <strong>M\u00e9cs K\u00e1roly<\/strong> sz\u00ednm\u0171v\u00e9sz, <strong>Wacha Imre<\/strong> f\u0151iskolai docens<br> 1996 <strong>F\u00e1bi\u00e1n Gy\u00f6rgyn\u00e9<\/strong> tan\u00e1r, <strong>Francsicsn\u00e9 Dr. Hegyi Mariann<\/strong> f\u0151iskolai docens, <strong>Pint\u00e9r Istv\u00e1n<\/strong> tan\u00e1r<br> 1997 <strong>Dr. B\u0151zs\u00f6ny Ferenc <\/strong>f\u0151bemond\u00f3, <strong>Papp S\u00e1ndorn\u00e9<\/strong> tan\u00e1r, <strong>Szab\u00f3 Zolt\u00e1nn\u00e9<\/strong> tan\u00e1r<br> 1998 <strong>G\u00f6m\u00f6ri \u00c1rp\u00e1d<\/strong> tan\u00e1r, <strong>Luk\u00e1cs Margit<\/strong> sz\u00ednm\u0171v\u00e9sz, <strong>Papp Zolt\u00e1n<\/strong> sz\u00ednm\u0171v\u00e9sz, <strong>Szil\u00e1gyi Enik\u0151 <\/strong>sz\u00ednm\u0171v\u00e9sz<br> 1999 <strong>Bacsk\u00f3 J\u00f3zsefn\u00e9<\/strong> tan\u00e1r, <strong>Batki Jen\u0151n\u00e9 dr. <\/strong>tan\u00e1r, <strong>B\u00e9k\u00e9ssyn\u00e9 Dr. Fejes Katalin<\/strong> egyetemi docens<\/p>\n\n\n\n<p> 2000 <strong>Forg\u00e1cs R\u00f3bert <\/strong>tan\u00e1r, <strong>Krist\u00f3f G\u00e1bor<\/strong> szerkeszt\u0151-m\u0171sorvezet\u0151, <strong>Matula \u00c1gnes <\/strong>TV-szerkeszt\u0151, <strong>N\u00e9meth Tibor<\/strong> gimn\u00e1ziumi igazgat\u00f3<br> 2001 <strong>Blask\u00f3 P\u00e9ter <\/strong>sz\u00ednm\u0171v\u00e9sz, <strong>D\u00e9vai Nagy Kamilla<\/strong> el\u0151ad\u00f3m\u0171v\u00e9sz, <strong>Mikl\u00f3s J\u00f3zsefn\u00e9 <\/strong>k\u00f6z\u00e9piskolai tan\u00e1r<br> 2002 <strong>Dr. F\u00f6ldi \u00c9va <\/strong>egyetemi adjunktus, <strong>Keppel Gyula<\/strong> tan\u00e1r, <strong>Vad\u00e1sz Guszt\u00e1vn\u00e9<\/strong> tan\u00e1r<br> 2003 <strong>Dr. Bolla K\u00e1lm\u00e1n <\/strong>tan\u00e1r, <strong>Bordi Andr\u00e1s <\/strong>r\u00e1di\u00f3bemond\u00f3, <strong>K\u00f6ves B\u00e9l\u00e1n\u00e9 <\/strong>tan\u00e1r, <strong>Sramk\u00f3n\u00e9 Pozsonyi Judit <\/strong>tan\u00e1r<br> 2004 <strong>P. Debrenti Piroska<\/strong> r\u00e1di\u00f3bemond\u00f3, <strong>R\u00e1ckevei Anna <\/strong>sz\u00ednm\u0171v\u00e9sz<br> 2005 <strong>Gr\u00e1bics J\u00falia <\/strong>tan\u00e1r, <strong>P\u00e1tkai Andr\u00e1sn\u00e9<\/strong> tan\u00e1r, <strong>Sz\u00edv\u00f3sn\u00e9 V\u00e1s\u00e1rhelyi Zsuzsanna<\/strong> tan\u00e1r, <strong>Vad\u00e1sz \u00c1gnes <\/strong>r\u00e1di\u00f3bemond\u00f3, <strong>Varin\u00e9 Trifusz M\u00e1ria<\/strong> tan\u00e1r<br> 2006 <strong>Dr. G\u00e1sp\u00e1r L\u00e1szl\u00f3 <\/strong>f\u0151iskolai tan\u00e1r, <strong>Hercegi K\u00e1roly<\/strong> miniszteri tan\u00e1csos, <strong>Pecznyik Ibolya<\/strong> \u00e1ltal\u00e1nos iskolai tan\u00e1r<br> 2007 <strong>Ac\u00e9l Anna <\/strong>TV-bemond\u00f3, <strong>Elekfi L\u00e1szl\u00f3<\/strong> nyelv\u00e9sz, <strong>Hutkai D\u00e1nieln\u00e9 <\/strong>\u00f3vodapedag\u00f3gus, <strong>Kubik Anna<\/strong> sz\u00ednm\u0171v\u00e9sz<br> 2008 <strong>Oravecz L\u00e1szl\u00f3n\u00e9<\/strong> tan\u00e1r, <strong>Saffarik Ildik\u00f3<\/strong> tan\u00e1r, <strong>Tekes Roz\u00e1lia<\/strong> tan\u00e1r<br> 2009 <strong>Alm\u00e1si \u00c9va<\/strong>  tan\u00e1r, <strong>Mucs\u00e1nyi J\u00e1nos<\/strong> TV-szerkeszt\u0151, N\u00e9methn\u00e9 Dr. <strong>Bal\u00e1zs Katalin<\/strong> tan\u00e1r<\/p>\n\n\n\n<p> 2010 <strong>Dunai Tam\u00e1s<\/strong> sz\u00ednm\u0171v\u00e9sz, <strong>Dr. Erd\u00e9ly Judit<\/strong> k\u00f6z\u00e9piskolai tan\u00e1r, <strong>Juh\u00e1sz Judit<\/strong> \u00fajs\u00e1g\u00edr\u00f3, <strong>Novotny Zolt\u00e1n<\/strong> szerkeszt\u0151<br> 2011 <strong>Deme L\u00e1szl\u00f3 <\/strong>nyelv\u00e9szprofesszor, <strong>Kov\u00e1cs L\u00e1szl\u00f3<\/strong> tan\u00e1r, <strong>Misztrik L\u00e1szl\u00f3n\u00e9 P\u00e1l Jol\u00e1n<\/strong> tan\u00e1r, <strong>Nov\u00e1k J\u00e1nosn\u00e9 <\/strong>iskola igazgat\u00f3, <strong>Szak\u00e1cs B\u00e9la <\/strong>tan\u00e1r<br> 2012 <strong>Mohai G\u00e1bor<\/strong> r\u00e1di\u00f3bemond\u00f3, <strong>T\u0151k\u00e9s Elekn\u00e9 Bitay Erika<\/strong> k\u00f6z\u00e9piskolai tan\u00e1r, <strong>Varny\u00fa Ilona <\/strong>k\u00f6z\u00e9piskolai tan\u00e1r<br> 2013 <strong>Cs\u00e1sz\u00e1r Angela<\/strong> sz\u00ednm\u0171v\u00e9sz, <strong>Ciprusz \u00c9va <\/strong>bemond\u00f3, m\u0171sorvezet\u0151, <strong>Vir\u00e1g Erzs\u00e9bet<\/strong>, a Rom\u00e1niai Magyar Pedag\u00f3gusok Sz\u00f6vets\u00e9g\u00e9nek aleln\u00f6ke<br> 2014 <strong>Bat\u00e1ri Antal <\/strong>tan\u00e1r, <strong>P\u00e1sztor S\u00e1ndorn\u00e9 <\/strong>tan\u00e1r, <strong>V\u00e9gs\u0151n\u00e9 Fazekas Aranka<\/strong> tan\u00e1r<br> 2015 <strong>Szal\u00f3czy P\u00e1l <\/strong>r\u00e1di\u00f3bemond\u00f3, <strong>Hidasi Lajosn\u00e9 <\/strong>tan\u00e1r, <strong>Sz\u00e1nt\u00f3 Edit<\/strong> tan\u00e1r<br> 2016 <strong>Luk\u00e1cs S\u00e1ndor<\/strong> sz\u00ednm\u0171v\u00e9sz, <strong>Korbuly P\u00e9ter<\/strong> bemond\u00f3, m\u0171sorvezet\u0151, besz\u00e9dtan\u00e1r, <strong>Min\u00e1rik Tam\u00e1s <\/strong>tan\u00e1r<br> 2017 <strong>D\u00f3ra Zolt\u00e1n<\/strong> iskola igazgat\u00f3, <strong>E\u0151ry Vilma <\/strong>tan\u00e1r, <strong>Szab\u00f3 M\u00e1ria<\/strong> tan\u00e1r<br> 2018 <strong>Kov\u00e1cs M. Istv\u00e1n<\/strong> r\u00e1di\u00f3bemond\u00f3, <strong>Varga J\u00e1nos <\/strong>r\u00e1di\u00f3bemond\u00f3, <strong>Szendr\u0151dyn\u00e9 Botka Krisztina<\/strong> tan\u00e1r, <strong>S. Forg\u00e1cs Anna<\/strong> tan\u00e1r<br> 2019 <strong>Konr\u00e1d Antal <\/strong>sz\u00ednm\u0171v\u00e9sz, <strong>L\u00e1z\u00e1r Csaba<\/strong> sz\u00ednm\u0171v\u00e9sz, vezet\u0151 bemond\u00f3, <strong>Szlotta Judit <\/strong>h\u00edrolvas\u00f3<\/p>\n","protected":false},"excerpt":{"rendered":"<p>Azon hivat\u00e1sos besz\u00e9l\u0151k (sz\u00edn\u00e9szek, \u00e9nekesek, a m\u00e9dia szerepl\u0151i), illetve pedag\u00f3gusok \u00e9s az ifj\u00fas\u00e1g sz\u00e1m\u00e1ra alap\u00edtott d\u00edj, akik p\u00e9ldamutat\u00f3an sz\u00e9p nyelvhaszn\u00e1latuk (els\u0151sorban kiejt\u00e9s\u00fck) r\u00e9v\u00e9n sokat tesznek a magyar nyelv \u00e1pol\u00e1s\u00e1nak \u00fcgy\u00e9\u00e9rt.<\/p>\n","protected":false},"author":1,"featured_media":46,"parent":0,"menu_order":0,"comment_status":"closed","ping_status":"closed","template":"","meta":[],"_links":{"self":[{"href":"https:\/\/szepmagyarbeszed.hu\/index.php?rest_route=\/wp\/v2\/pages\/21"}],"collection":[{"href":"https:\/\/szepmagyarbeszed.hu\/index.php?rest_route=\/wp\/v2\/pages"}],"about":[{"href":"https:\/\/szepmagyarbeszed.hu\/index.php?rest_route=\/wp\/v2\/types\/page"}],"author":[{"embeddable":true,"href":"https:\/\/szepmagyarbeszed.hu\/index.php?rest_route=\/wp\/v2\/users\/1"}],"replies":[{"embeddable":true,"href":"https:\/\/szepmagyarbeszed.hu\/index.php?rest_route=%2Fwp%2Fv2%2Fcomments&post=21"}],"version-history":[{"count":8,"href":"https:\/\/szepmagyarbeszed.hu\/index.php?rest_route=\/wp\/v2\/pages\/21\/revisions"}],"predecessor-version":[{"id":143,"href":"https:\/\/szepmagyarbeszed.hu\/index.php?rest_route=\/wp\/v2\/pages\/21\/revisions\/143"}],"wp:featuredmedia":[{"embeddable":true,"href":"https:\/\/szepmagyarbeszed.hu\/index.php?rest_route=\/wp\/v2\/media\/46"}],"wp:attachment":[{"href":"https:\/\/szepmagyarbeszed.hu\/index.php?rest_route=%2Fwp%2Fv2%2Fmedia&parent=21"}],"curies":[{"name":"wp","href":"https:\/\/api.w.org\/{rel}","templated":true}]}}