{"id":2949,"date":"2022-02-20T22:20:18","date_gmt":"2022-02-20T22:20:18","guid":{"rendered":"https:\/\/szepmagyarbeszed.hu\/?page_id=2949"},"modified":"2022-02-20T22:20:19","modified_gmt":"2022-02-20T22:20:19","slug":"2021-videok","status":"publish","type":"page","link":"https:\/\/szepmagyarbeszed.hu\/?page_id=2949","title":{"rendered":"2021 Vide\u00f3k"},"content":{"rendered":"\n<figure class=\"wp-block-embed is-type-video is-provider-youtube wp-block-embed-youtube wp-embed-aspect-16-9 wp-has-aspect-ratio\"><div class=\"wp-block-embed__wrapper\">\n<iframe loading=\"lazy\" title=\"Eredm\u00e9nyhirdet\u00e9s | Sz\u00e9p Magyar Besz\u00e9d verseny | 2021.04.22. 17:00\" width=\"700\" height=\"394\" src=\"https:\/\/www.youtube.com\/embed\/TYi2xdcMjCc?feature=oembed\" frameborder=\"0\" allow=\"accelerometer; autoplay; clipboard-write; encrypted-media; gyroscope; picture-in-picture\" allowfullscreen><\/iframe>\n<\/div><\/figure>\n\n\n\n<figure class=\"wp-block-embed is-type-video is-provider-youtube wp-block-embed-youtube wp-embed-aspect-16-9 wp-has-aspect-ratio\"><div class=\"wp-block-embed__wrapper\">\n<iframe loading=\"lazy\" title=\"Megnyit\u00f3 | Sz\u00e9p Magyar Besz\u00e9d verseny | 2021.04.16. 10:30\" width=\"700\" height=\"394\" src=\"https:\/\/www.youtube.com\/embed\/altFZXHL_VA?feature=oembed\" frameborder=\"0\" allow=\"accelerometer; autoplay; clipboard-write; encrypted-media; gyroscope; picture-in-picture\" allowfullscreen><\/iframe>\n<\/div><\/figure>\n\n\n\n<figure class=\"wp-block-embed is-type-video is-provider-youtube wp-block-embed-youtube wp-embed-aspect-16-9 wp-has-aspect-ratio\"><div class=\"wp-block-embed__wrapper\">\n<iframe loading=\"lazy\" title=\"K\u00f6nyvbemutat\u00f3 | Sz\u00e9p Magyar Besz\u00e9d verseny | 2021.04.15. 18:00\" width=\"700\" height=\"394\" src=\"https:\/\/www.youtube.com\/embed\/ic5JiF4HOlE?feature=oembed\" frameborder=\"0\" allow=\"accelerometer; autoplay; clipboard-write; encrypted-media; gyroscope; picture-in-picture\" allowfullscreen><\/iframe>\n<\/div><\/figure>\n","protected":false},"excerpt":{"rendered":"","protected":false},"author":2,"featured_media":0,"parent":0,"menu_order":0,"comment_status":"closed","ping_status":"closed","template":"","meta":[],"_links":{"self":[{"href":"https:\/\/szepmagyarbeszed.hu\/index.php?rest_route=\/wp\/v2\/pages\/2949"}],"collection":[{"href":"https:\/\/szepmagyarbeszed.hu\/index.php?rest_route=\/wp\/v2\/pages"}],"about":[{"href":"https:\/\/szepmagyarbeszed.hu\/index.php?rest_route=\/wp\/v2\/types\/page"}],"author":[{"embeddable":true,"href":"https:\/\/szepmagyarbeszed.hu\/index.php?rest_route=\/wp\/v2\/users\/2"}],"replies":[{"embeddable":true,"href":"https:\/\/szepmagyarbeszed.hu\/index.php?rest_route=%2Fwp%2Fv2%2Fcomments&post=2949"}],"version-history":[{"count":1,"href":"https:\/\/szepmagyarbeszed.hu\/index.php?rest_route=\/wp\/v2\/pages\/2949\/revisions"}],"predecessor-version":[{"id":2950,"href":"https:\/\/szepmagyarbeszed.hu\/index.php?rest_route=\/wp\/v2\/pages\/2949\/revisions\/2950"}],"wp:attachment":[{"href":"https:\/\/szepmagyarbeszed.hu\/index.php?rest_route=%2Fwp%2Fv2%2Fmedia&parent=2949"}],"curies":[{"name":"wp","href":"https:\/\/api.w.org\/{rel}","templated":true}]}}