{"id":47,"date":"2019-12-07T23:41:41","date_gmt":"2019-12-07T23:41:41","guid":{"rendered":"http:\/\/szepmagyarbeszed.hu\/?page_id=47"},"modified":"2019-12-16T08:33:17","modified_gmt":"2019-12-16T08:33:17","slug":"z-szabo-laszlo-dij","status":"publish","type":"page","link":"https:\/\/szepmagyarbeszed.hu\/?page_id=47","title":{"rendered":"Z. SZAB\u00d3 L\u00c1SZL\u00d3-D\u00cdJ"},"content":{"rendered":"\n<p><strong>Iskol\u00e1nk Z. Szab\u00f3 L\u00e1szl\u00f3 tan\u00e1r \u00far hal\u00e1la ut\u00e1n eml\u00e9k\u00e9rmet alap\u00edtott a tan\u00edtv\u00e1nyaikat a Kazinczy-versenyre folyamatosan magas szinten felk\u00e9sz\u00edt\u0151 tan\u00e1rok sz\u00e1m\u00e1ra. A d\u00edjat el\u0151sz\u00f6r 1994-ben adtuk \u00e1t.<\/strong><\/p>\n\n\n\n<h3>A Z.Szab\u00f3-d\u00edj kit\u00fcntetettjei:<\/h3>\n\n\n\n<p><strong>1994:<\/strong><\/p>\n\n\n\n<ol><li><strong>Karsai Alfonzn\u00e9<\/strong>, Mosonmagyar\u00f3v\u00e1r<\/li><li><strong>Lengyel S\u00e1ndorn\u00e9,<\/strong> B\u00e9k\u00e9s Glasz Kereskedelmi Szakmunk\u00e1sk\u00e9pz\u0151 Int\u00e9zet (Budapest)<\/li><\/ol>\n\n\n\n<p><strong>1995:<\/strong><\/p>\n\n\n\n<ol><li><strong>Hankovszky B\u00e9l\u00e1n\u00e9, <\/strong>Kazinczy Ferenc Gimn\u00e1zium (Gy\u0151r)<\/li><li><strong>Kerekes Barnab\u00e1s,<\/strong> Radnai B\u00e9la K\u00f6zgazdas\u00e1gi Szakk\u00f6z\u00e9piskola, Gyors \u00e9s G\u00e9p\u00edr\u00f3 Szakiskola (Budapest)<\/li><\/ol>\n\n\n\n<p><strong>1996:<\/strong><\/p>\n\n\n\n<ol><li><strong>Dr. Kelemen Zsigmondn\u00e9,<\/strong> G\u00e1rdonyi G\u00e9za Gimn\u00e1zium (Eger)<\/li><li><strong>Ferenczi S\u00e1ndorn\u00e9,<\/strong> Mez\u0151gazdas\u00e1gi Szakiskola (Eger)<\/li><\/ol>\n\n\n\n<p><strong>1997:<\/strong><\/p>\n\n\n\n<ol><li><strong>Kov\u00e1cs J\u00f3zsefn\u00e9,<\/strong> Radn\u00f3ti Mikl\u00f3s K\u00eds\u00e9rleti Gimn\u00e1zium (Szeged)<\/li><li><strong>Moys Kl\u00e1ra, <\/strong>(Eger)<\/li><\/ol>\n\n\n\n<p><strong>1998:<\/strong><\/p>\n\n\n\n<ol><li><strong>Dr Szab\u00f3 Szabolcs,<\/strong> Le\u0151wey Kl\u00e1ra Gimn\u00e1zium (P\u00e9cs)<\/li><li><strong>Kissn\u00e9 N\u00e9meth \u00c9va,<\/strong> (Mosonmagyar\u00f3v\u00e1r)<\/li><\/ol>\n\n\n\n<p><strong>1999:<\/strong><\/p>\n\n\n\n<ol><li><strong>Alm\u00e1si \u00c9va<\/strong>, M\u0171v\u00e9szeti Szakk\u00f6z\u00e9piskola (P\u00e9cs)<\/li><li><strong>Gr\u00e1bics J\u00falia,<\/strong> Kazinczy Ferenc Gimn\u00e1zium (Gy\u0151r)<\/li><\/ol>\n\n\n\n<p><strong>2000:<\/strong><\/p>\n\n\n\n<ol><li><strong>Varny\u00fa Ilona,<\/strong> Gimn\u00e1zium (\u00d3becse)<\/li><li><strong>Misztrik Jol\u00e1n,<\/strong> Ap\u00e1czai Csere J\u00e1nos L\u00edceum (Kolozsv\u00e1r)<\/li><\/ol>\n\n\n\n<p><strong>2001:<\/strong><\/p>\n\n\n\n<ol><li><strong>Bak\u00f3n\u00e9 Aradi \u00c9va,<\/strong> T\u00e1ncsics Mih\u00e1ly Gimn\u00e1zium (Sikl\u00f3s)<\/li><li><strong>Bayern\u00e9 Nagy Anna,<\/strong> Hunfalvy J\u00e1nos Szakk\u00f6z\u00e9piskola (Budapest)<\/li><li><strong>Dr Kov\u00e1cs G\u00e1born\u00e9,<\/strong> Ba\u00e1r-Madas Imre Gimn\u00e1zium (Budapest)<\/li><li><strong>Nagy Ott\u00f3n\u00e9,<\/strong> Bart\u00f3k B\u00e9la Zenem\u0171v\u00e9szeti Szakk\u00f6z\u00e9piskola (Miskolc)<\/li><li><strong>Safranka L\u00e1szl\u00f3n\u00e9,<\/strong> G\u00e1bor \u00c1ron Szakk\u00e9pz\u0151 iskola (\u00d3zd)<\/li><li><strong>S\u00e1fr\u00e1ny Irma,<\/strong> J\u00f3zsef Attila Gimn\u00e1zium (\u00d3zd)<\/li><\/ol>\n\n\n\n<p><strong>2002:<\/strong><\/p>\n\n\n\n<ol><li><strong>Sz\u00e1nt\u00f3 Edit,<\/strong> K\u00f6z\u00e9piskola (B\u00e1ty\u00fa)<\/li><li><strong>Vass Borsodi<\/strong> <strong>Borb\u00e1la,<\/strong> (Topolya)<\/li><\/ol>\n\n\n\n<p><strong>2003:<\/strong><\/p>\n\n\n\n<ol><li><strong>Bodz\u00e1s Csab\u00e1n\u00e9,<\/strong> II. R\u00e1k\u00f3czi Ferenc Szakk\u00f6z\u00e9piskola (Kisv\u00e1rda)<\/li><li><strong>Cs\u00f3k\u00e1sn\u00e9 G\u00e9mesi<\/strong> <strong>Ildik\u00f3,<\/strong> F\u00e1y Andr\u00e1s K\u00f6zleked\u00e9si Szakk\u00f6z\u00e9piskola (Budapest)<\/li><\/ol>\n\n\n\n<p><strong>2004:<\/strong><\/p>\n\n\n\n<ol><li><strong>N\u00e9methn\u00e9 Dr Bal\u00e1zs Katalin,<\/strong> G\u00e1bor D\u00e9nes Gimn\u00e1zium \u00e9s M\u0171szaki Szakk\u00f6z\u00e9piskola (Szeged)<\/li><li><strong>Erd\u00e9ly Judit,<\/strong> Mikes Kelemen Gimn\u00e1zium (Sepsiszentgy\u00f6rgy)<\/li><\/ol>\n\n\n\n<p><strong>2005:<\/strong><\/p>\n\n\n\n<ol><li><strong>Forg\u00e1csn\u00e9 P\u00e1sztor M\u00e1ria,<\/strong> Kossuth Lajos Gimn\u00e1zium \u00e9s Szakk\u00f6z\u00e9piskola (S\u00e1toralja\u00fajhely)<\/li><li><strong>Mihalik Zsolt,<\/strong> Le\u0151wey Kl\u00e1ra Gimn\u00e1zium (P\u00e9cs)<\/li><\/ol>\n\n\n\n<p><strong>2006:<\/strong><\/p>\n\n\n\n<ol><li><strong>F\u00e1bi\u00e1nn\u00e9 dr. Szenczi Ibolya,<\/strong> Bats\u00e1nyi J\u00e1nos Gimn\u00e1zium \u00e9s Szakk\u00f6z\u00e9piskola (Csongr\u00e1d)<\/li><li><strong>Katona S\u00e1ndorn\u00e9<\/strong>, Kod\u00e1ly Zolt\u00e1n Zenem\u0171v\u00e9szeti Szakk\u00f6z\u00e9piskola (Debrecen)<\/li><\/ol>\n\n\n\n<p><strong>2007:<\/strong><\/p>\n\n\n\n<ol><li><strong>Bat\u00e1ri Antal,<\/strong> Dob\u00f3 Istv\u00e1n Gimn\u00e1zium (Eger)<\/li><\/ol>\n\n\n\n<p><strong>2008:<\/strong><\/p>\n\n\n\n<ol><li><strong>Nagy Erika,<\/strong> III. B\u00e9la Gimn\u00e1zium (Baja)<\/li><li><strong>Bendzs\u00e1k Istv\u00e1n,<\/strong> Erzs\u00e9betv\u00e1rosi Informatikai Szakk\u00f6z\u00e9piskola (Budapest)<\/li><\/ol>\n\n\n\n<p><strong>2009:<\/strong><\/p>\n\n\n\n<ol><li><strong>Szab\u00f3 Mikl\u00f3s<\/strong>, Pusk\u00e1s Tivadar T\u00e1vk\u00f6zl\u00e9si Technikum (Budapest)<\/li><li><strong>Rangoni Klaudia,<\/strong> V\u00e1s\u00e1rhelyi P\u00e1l \u00c9p\u00edt\u0151ipar- \u00e9s K\u00f6rnyezetv\u00e9delmi-v\u00edz\u00fcgyi Szakk\u00f6z\u00e9piskola (Ny\u00edregyh\u00e1za)<\/li><\/ol>\n\n\n\n<p><strong>2010:<\/strong><\/p>\n\n\n\n<ol><li><strong>Moln\u00e1rn\u00e9 B\u00fcttner M\u00e1ria,<\/strong> Varga Katalin Gimn\u00e1zium (Szolnok)<\/li><li><strong>Sp\u00e1tai Adrienn,<\/strong> Selye J\u00e1nos Gimn\u00e1zium (Kom\u00e1rom)<\/li><\/ol>\n\n\n\n<p><strong>2011:<\/strong><\/p>\n\n\n\n<ol><li><strong>B\u00e1l\u00f3 Marianna<\/strong>, Garay J\u00e1nos Gimn\u00e1zium (Szeksz\u00e1rd)<\/li><li><strong>Orosz Andrea,<\/strong> AMI Kod\u00e1ly Zolt\u00e1n \u00c9nek, Zenei Iskola (Kecskem\u00e9t)<\/li><li><strong>Szab\u00f3 Ila,<\/strong> Sz\u00e9chenyi Istv\u00e1n K\u00e9t Tan\u00edt\u00e1si Nyelv\u0171 K\u00f6zgazd. Szakk\u00f6z\u00e9pi. (B\u00e9k\u00e9scsaba)<\/li><\/ol>\n\n\n\n<p><strong>2012:<\/strong><\/p>\n\n\n\n<ol><li><strong>F\u00e1ri M\u00f3nika,<\/strong> Boros S\u00e1muel Szakk\u00f6z\u00e9piskola (Szentes)<\/li><li><strong>G. Teszler M\u00e1ria,<\/strong> Boronkay Gy\u00f6rgy M\u0171szaki K\u00f6z\u00e9piskola \u00e9s Gimn\u00e1zium (V\u00e1c)<\/li><\/ol>\n\n\n\n<p><strong>2013:<\/strong><\/p>\n\n\n\n<ol><li><strong>Batkin\u00e9 T\u00f3tok Katalin,<\/strong> Bolyai J\u00e1nos Gimn\u00e1zium (Salg\u00f3tarj\u00e1n)<\/li><li><strong>Dr S\u00fcl\u00e9n\u00e9 Nagy Edit<\/strong>, De\u00e1k Ferenc \u00e9s Sz\u00e9chenyi Istv\u00e1n Szakk\u00f6z\u00e9p-\u00e9s Szakiskola (Zalaegerszeg)<\/li><\/ol>\n\n\n\n<p><strong>2014:<\/strong><\/p>\n\n\n\n<ol><li><strong>T\u00f3th L\u00e1szl\u00f3,<\/strong> Sz\u00e9chenyi Istv\u00e1n Szakk\u00f6z\u00e9piskola (Ny\u00edregyh\u00e1za)<\/li><li><strong>Kiss L\u00e1szl\u00f3n\u00e9<\/strong> T\u00e1ncsics Mih\u00e1ly Szakk\u00f6z\u00e9piskola (Salg\u00f3tarj\u00e1n)<\/li><\/ol>\n\n\n\n<p><strong>2015:<\/strong><\/p>\n\n\n\n<ol><li><strong>Hadnagyn\u00e9 Kov\u00e1cs Judit, <\/strong>Neumann J\u00e1nos K\u00f6z\u00e9piskola (Eger)&nbsp;<\/li><li><strong>Szurmik Zolt\u00e1n,<\/strong> Horv\u00e1th Mih\u00e1ly Gimn\u00e1zium a (Szentes)<\/li><\/ol>\n\n\n\n<p><strong>2016:<\/strong><\/p>\n\n\n\n<ol><li><strong>Ficzekn\u00e9 Moln\u00e1r M\u00e1ria<\/strong>, Balassi B\u00e1lint Nyolc\u00e9vfolyamos Gimn\u00e1zium (Budapest)<\/li><li><strong>T\u00f3th \u00c9va, <\/strong>Ferenczi S\u00e1ndor Eg\u00e9szs\u00e9g\u00fcgyi Szakk\u00f6z\u00e9piskola (Miskolc)<\/li><\/ol>\n\n\n\n<p><strong>2017:<\/strong><\/p>\n\n\n\n<ol><li><strong>Dr. Osv\u00e1th L\u00e1szl\u00f3<\/strong>, M\u00f3ricz Zsigmond Gimn\u00e1zium (Budapest)<\/li><li><strong>Dr. Romsits M\u00e1ria, <\/strong>T\u00f3parti Gimn\u00e1zium (Sz\u00e9kesfeh\u00e9rv\u00e1r)<\/li><\/ol>\n\n\n\n<p><strong>2018:<\/strong><\/p>\n\n\n\n<ol><li><strong>Kugyela Anna<\/strong>, Teleki Blanka Szakgimn\u00e1zium (Mez\u0151t\u00far)&nbsp;<\/li><li><strong>R\u00e1cz Melinda<\/strong>, Reform\u00e1tus Koll\u00e9gium (Kolozsv\u00e1r)<\/li><\/ol>\n\n\n\n<p><strong>2019:<\/strong><\/p>\n\n\n\n<ol><li><strong>Hadikn\u00e9 dr. V\u00e9gh Katalin<\/strong>, Mad\u00e1ch Imre Gimn\u00e1zium (Budapest)<\/li><li><strong>Rig\u00f3n\u00e9 H\u00f3di Hajnalka<\/strong>, M\u0171v\u00e9szeti Szakgimn\u00e1zium (P\u00e9cs)<\/li><\/ol>\n\n\n\n<p><\/p>\n","protected":false},"excerpt":{"rendered":"<p>Iskol\u00e1nk Z. Szab\u00f3 L\u00e1szl\u00f3 tan\u00e1r \u00far hal\u00e1la ut\u00e1n eml\u00e9k\u00e9rmet alap\u00edtott a tan\u00edtv\u00e1nyaikat a Kazinczy-versenyre folyamatosan magas szinten felk\u00e9sz\u00edt\u0151 tan\u00e1rok sz\u00e1m\u00e1ra. A d\u00edjat el\u0151sz\u00f6r 1994-ben adtuk \u00e1t.<\/p>\n","protected":false},"author":1,"featured_media":44,"parent":0,"menu_order":0,"comment_status":"closed","ping_status":"closed","template":"","meta":[],"_links":{"self":[{"href":"https:\/\/szepmagyarbeszed.hu\/index.php?rest_route=\/wp\/v2\/pages\/47"}],"collection":[{"href":"https:\/\/szepmagyarbeszed.hu\/index.php?rest_route=\/wp\/v2\/pages"}],"about":[{"href":"https:\/\/szepmagyarbeszed.hu\/index.php?rest_route=\/wp\/v2\/types\/page"}],"author":[{"embeddable":true,"href":"https:\/\/szepmagyarbeszed.hu\/index.php?rest_route=\/wp\/v2\/users\/1"}],"replies":[{"embeddable":true,"href":"https:\/\/szepmagyarbeszed.hu\/index.php?rest_route=%2Fwp%2Fv2%2Fcomments&post=47"}],"version-history":[{"count":6,"href":"https:\/\/szepmagyarbeszed.hu\/index.php?rest_route=\/wp\/v2\/pages\/47\/revisions"}],"predecessor-version":[{"id":169,"href":"https:\/\/szepmagyarbeszed.hu\/index.php?rest_route=\/wp\/v2\/pages\/47\/revisions\/169"}],"wp:featuredmedia":[{"embeddable":true,"href":"https:\/\/szepmagyarbeszed.hu\/index.php?rest_route=\/wp\/v2\/media\/44"}],"wp:attachment":[{"href":"https:\/\/szepmagyarbeszed.hu\/index.php?rest_route=%2Fwp%2Fv2%2Fmedia&parent=47"}],"curies":[{"name":"wp","href":"https:\/\/api.w.org\/{rel}","templated":true}]}}