{"id":49,"date":"2019-12-07T23:44:29","date_gmt":"2019-12-07T23:44:29","guid":{"rendered":"http:\/\/szepmagyarbeszed.hu\/?page_id=49"},"modified":"2019-12-13T23:01:43","modified_gmt":"2019-12-13T23:01:43","slug":"kazinczy-ermesek","status":"publish","type":"page","link":"https:\/\/szepmagyarbeszed.hu\/?page_id=49","title":{"rendered":"KAZINCZY-\u00c9RMESEK"},"content":{"rendered":"\n<p>1992 \u00f3ta h\u00e1rom kateg\u00f3ri\u00e1ban \u00f6sszesen 35 di\u00e1k veheti \u00e1t \u00e9vente a Kazinczy-\u00e9rmet, ezzel is elismerve nagyszer\u0171 teljes\u00edtm\u00e9ny\u00fcket. Az al\u00e1bbiakban a legutols\u00f3, a 2018-as 54. Sz\u00e9p Magyar Besz\u00e9d Kazinczy-\u00e9rmeseit olvashatj\u00e1k:<\/p>\n\n\n\n<p><strong>Gimn\u00e1ziumi tanul\u00f3k I. kateg\u00f3ri\u00e1ban<\/strong><\/p>\n\n\n\n<figure class=\"wp-block-table is-style-stripes\"><table class=\"\"><tbody><tr><td>F\u00f6rgeteg Soma<\/td><td>Szent Istv\u00e1n Gimn\u00e1zium<\/td><td>Budapest<\/td><\/tr><tr><td>Kertv\u00e9llesy D\u00f3ra<\/td><td>Kazinczy Ferenc Gimn\u00e1zium<\/td><td>Gy\u0151r<\/td><\/tr><tr><td>K\u00f3kai Laura<\/td><td>Kossuth Lajos Gimn\u00e1zium<\/td><td>Cegl\u00e9d<\/td><\/tr><tr><td>Kov\u00e1cs Barna<\/td><td>Szent Ang\u00e9la Ferences \u00c1ltal\u00e1nos Iskola \u00e9s Gimn\u00e1zium<\/td><td>Budapest<\/td><\/tr><tr><td>Lipics Franciska<\/td><td>Le\u0151wey Kl\u00e1ra Gimn\u00e1zium<\/td><td>P\u00e9cs<\/td><\/tr><tr><td>L\u00f3ki Hanna<\/td><td>Pet\u0151fi S\u00e1ndor Evang\u00e9likus Gimn\u00e1zium<\/td><td>Bonyh\u00e1d<\/td><\/tr><tr><td>Pap Gerg\u0151<\/td><td>ELTE Bolyai J\u00e1nos Gimn\u00e1zium<\/td><td>Szombathely<\/td><\/tr><tr><td>Szab\u00f3 D\u00e1niel<\/td><td>V\u00e1rday Kata Reform\u00e1tus Gimn\u00e1zium<\/td><td>Kisv\u00e1rda<\/td><\/tr><tr><td>Zelei Zsuzsanna<\/td><td>Mad\u00e1ch Imre Gimn\u00e1zium<\/td><td>Budapest<\/td><\/tr><tr><td>Zsebi Emma<\/td><td>III. B\u00e9la Gimn\u00e1zium<\/td><td>Baja<\/td><\/tr><\/tbody><\/table><\/figure>\n\n\n\n<p><strong>Gimn\u00e1ziumi tanul\u00f3k II. kateg\u00f3ri\u00e1ban<\/strong><\/p>\n\n\n\n<figure class=\"wp-block-table is-style-stripes\"><table class=\"\"><tbody><tr><td>Baranyi Li\u00e1na<\/td><td>Berzsenyi D\u00e1niel Gimn\u00e1zium<\/td><td>Marcali<\/td><\/tr><tr><td>G\u00fcttler Emma<\/td><td>Budai Ciszterci Szent Imre Gimn\u00e1zium<\/td><td>Budapest<\/td><\/tr><tr><td>Gyurik Zita<\/td><td>Radn\u00f3ti Mikl\u00f3s K\u00eds\u00e9rleti Gimn\u00e1zium<\/td><td>Szeged<\/td><\/tr><tr><td>Hul\u00e9nyi Laura<\/td><td>Herman Ott\u00f3 Gimn\u00e1zium<\/td><td>Miskolc<\/td><\/tr><tr><td>Kiss Nikolett<\/td><td>Katona J\u00f3zsef Gimn\u00e1zium<\/td><td>Kecskem\u00e9t<\/td><\/tr><tr><td>Kocsis Maja<\/td><td>K\u00f6lcsey Ferenc Gimn\u00e1zium<\/td><td>Zalaegerszeg<\/td><\/tr><tr><td>Nov\u00e1k Henrietta<\/td><td>ELTE Bolyai J\u00e1nos Gimn\u00e1zium<\/td><td>Szombathely<\/td><\/tr><tr><td>R\u00e9ti Gergely<\/td><td>Lovassy L\u00e1szl\u00f3 Gimn\u00e1zium<\/td><td>Veszpr\u00e9m<\/td><\/tr><tr><td>Szir\u00e1nyi P\u00e9ter<\/td><td>Garay J\u00e1nos Gimn\u00e1zium<\/td><td>Szeksz\u00e1rd<\/td><\/tr><tr><td>Tarj\u00e1n L\u0151rinc Hovhannesz<\/td><td>Sashegyi Arany J\u00e1nos Gimn\u00e1zium<\/td><td>Budapest<\/td><\/tr><\/tbody><\/table><\/figure>\n\n\n\n<p><strong>Szakk\u00e9pz\u0151 iskolai tanul\u00f3k<\/strong><\/p>\n\n\n\n<figure class=\"wp-block-table is-style-stripes\"><table class=\"\"><tbody><tr><td>\u00c1rvai P\u00e1l<\/td><td>CSZC K\u00f6zgazdas\u00e1gi \u00e9s Informatikai Szakgimn\u00e1ziuma<\/td><td>Cegl\u00e9d<\/td><\/tr><tr><td>Baji Krisztina Edit<\/td><td>Pad\u00e1nyi Bir\u00f3 M\u00e1rton R\u00f3mai Katolikus Gimn\u00e1zium, Szakgimn\u00e1zium<\/td><td>Veszpr\u00e9m<\/td><\/tr><tr><td>Balogh Alexandra<\/td><td>SZSZC G\u00e1bor D\u00e9nes Szakgimn\u00e1ziuma<\/td><td>Szeged<\/td><\/tr><tr><td>Cseh Merc\u00e9desz<\/td><td>DSZC Mechwart Andr\u00e1s G\u00e9pipari \u00e9s Informatikai Szakgimn\u00e1zium<\/td><td>Debrecen<\/td><\/tr><tr><td>Forstner L\u00e1szl\u00f3 Zolt\u00e1n<\/td><td>BMSZC Pusk\u00e1s Tivadar T\u00e1vk\u00f6zl\u00e9si Technikum Infokommunik\u00e1ci\u00f3s Szakgimn\u00e1ziuma<\/td><td>Budapest<\/td><\/tr><tr><td>Hovanecz Lili<\/td><td>GYMSZC Bercs\u00e9nyi Mikl\u00f3s K\u00f6zleked\u00e9si \u00e9s Sportiskolai Szakgimn\u00e1ziuma \u00e9s Szakk\u00f6z\u00e9piskol\u00e1ja<\/td><td>Gy\u0151r<\/td><\/tr><tr><td>Jegeny\u00e9s Bence<\/td><td>M\u0171v\u00e9szeti Szakgimn\u00e1zium<\/td><td>P\u00e9cs<\/td><\/tr><tr><td>Kapornaki J\u00falia<\/td><td>M\u0171v\u00e9szeti Szakgimn\u00e1zium<\/td><td>Szombathely<\/td><\/tr><tr><td>L\u00e1szl\u00f3 D\u00e1niel<\/td><td>SSZC T\u00e1ncsics Mih\u00e1ly Szakgimn\u00e1ziuma<\/td><td>Salg\u00f3tarj\u00e1n<\/td><\/tr><tr><td>Moln\u00e1r Blanka<\/td><td>KSZC Gr\u00f3f K\u00e1rolyi S\u00e1ndor Szakgimn\u00e1ziuma \u00e9s Szakk\u00f6z\u00e9piskol\u00e1ja<\/td><td>Kecskem\u00e9t<\/td><\/tr><tr><td>Pardavi \u00c1bel<\/td><td>GYMSZC Pattanty\u00fas \u00c1brah\u00e1m G\u00e9za Ipari Szakgimn\u00e1ziuma<\/td><td>Gy\u0151r<\/td><\/tr><tr><td>Ponta Petra Panna<\/td><td>Sz\u00e9chenyi Istv\u00e1n K\u00e9t Tan\u00edt\u00e1si Nyelv\u0171 K\u00f6zgazdas\u00e1gi Szakk\u00f6z\u00e9piskola<\/td><td>B\u00e9k\u00e9scsaba<\/td><\/tr><tr><td>Rozmis Lili\u00e1na<\/td><td>Nemes Nagy \u00c1gnes M\u0171v\u00e9szeti Szakgimn\u00e1zium<\/td><td>Budapest<\/td><\/tr><tr><td>Szab\u00f3 Csenge<\/td><td>T\u00f3parti Gimn\u00e1zium \u00e9s M\u0171v\u00e9szeti Szakgimn\u00e1zium<\/td><td>Sz\u00e9kesfeh\u00e9rv\u00e1r<\/td><\/tr><tr><td>Szedlacsek Kinga Aletta<\/td><td>Karcagi SzC Teleki Blanka Gimn\u00e1ziuma, Szakgimn\u00e1ziuma \u00e9s Koll\u00e9giuma<\/td><td>Mez\u0151t\u00far<\/td><\/tr><\/tbody><\/table><\/figure>\n","protected":false},"excerpt":{"rendered":"<p>1992 \u00f3ta h\u00e1rom kateg\u00f3ri\u00e1ban \u00f6sszesen 35 di\u00e1k veheti \u00e1t \u00e9vente a Kazinczy-\u00e9rmet, ezzel is elismerve nagyszer\u0171 teljes\u00edtm\u00e9ny\u00fcket. Az al\u00e1bbiakban a legutols\u00f3, a 2018-as 54. Sz\u00e9p Magyar Besz\u00e9d Kazinczy-\u00e9rmeseit olvashatj\u00e1k.<\/p>\n","protected":false},"author":1,"featured_media":43,"parent":0,"menu_order":0,"comment_status":"closed","ping_status":"closed","template":"","meta":[],"_links":{"self":[{"href":"https:\/\/szepmagyarbeszed.hu\/index.php?rest_route=\/wp\/v2\/pages\/49"}],"collection":[{"href":"https:\/\/szepmagyarbeszed.hu\/index.php?rest_route=\/wp\/v2\/pages"}],"about":[{"href":"https:\/\/szepmagyarbeszed.hu\/index.php?rest_route=\/wp\/v2\/types\/page"}],"author":[{"embeddable":true,"href":"https:\/\/szepmagyarbeszed.hu\/index.php?rest_route=\/wp\/v2\/users\/1"}],"replies":[{"embeddable":true,"href":"https:\/\/szepmagyarbeszed.hu\/index.php?rest_route=%2Fwp%2Fv2%2Fcomments&post=49"}],"version-history":[{"count":7,"href":"https:\/\/szepmagyarbeszed.hu\/index.php?rest_route=\/wp\/v2\/pages\/49\/revisions"}],"predecessor-version":[{"id":155,"href":"https:\/\/szepmagyarbeszed.hu\/index.php?rest_route=\/wp\/v2\/pages\/49\/revisions\/155"}],"wp:featuredmedia":[{"embeddable":true,"href":"https:\/\/szepmagyarbeszed.hu\/index.php?rest_route=\/wp\/v2\/media\/43"}],"wp:attachment":[{"href":"https:\/\/szepmagyarbeszed.hu\/index.php?rest_route=%2Fwp%2Fv2%2Fmedia&parent=49"}],"curies":[{"name":"wp","href":"https:\/\/api.w.org\/{rel}","templated":true}]}}