{"id":58,"date":"2019-12-07T23:56:27","date_gmt":"2019-12-07T23:56:27","guid":{"rendered":"http:\/\/szepmagyarbeszed.hu\/?page_id=58"},"modified":"2019-12-09T23:37:49","modified_gmt":"2019-12-09T23:37:49","slug":"elismeresek","status":"publish","type":"page","link":"https:\/\/szepmagyarbeszed.hu\/?page_id=58","title":{"rendered":"ELISMER\u00c9SEK"},"content":{"rendered":"\n<p>A Kazinczy-d\u00edj a sz\u00e9p magyar besz\u00e9d\u00e9rt oda\u00edt\u00e9lt elismer\u00e9s, a legr\u00e9gebbi \u00e9s legrangosabb d\u00edj az anyanyelv\u00e1pol\u00f3 mozgalomban. Az orsz\u00e1gos d\u00f6nt\u0151n emellett az alap\u00edt\u00f3 P\u00e9chy Blanka illetve Z. Szab\u00f3 L\u00e1szl\u00f3 nev\u00e9vel f\u00e9mjelzett d\u00edjak is gazd\u00e1ra tal\u00e1lnak &#8211; \u00e9s emellett \u00e9vente Kazinczy-\u00e9remmel jutalmazott\u00e1k a legjobban teljes\u00edt\u0151 tanul\u00f3kat.<\/p>\n\n\n\n<h3><a href=\"http:\/\/szepmagyarbeszed.hu\/?page_id=21\">KAZINCZY-D\u00cdJASOK<\/a><\/h3>\n\n\n\n<p>Azon hivat\u00e1sos besz\u00e9l\u0151k (sz\u00edn\u00e9szek, \u00e9nekesek, a m\u00e9dia szerepl\u0151i), illetve pedag\u00f3gusok \u00e9s az ifj\u00fas\u00e1g sz\u00e1m\u00e1ra alap\u00edtott d\u00edj, akik p\u00e9ldamutat\u00f3an sz\u00e9p nyelvhaszn\u00e1latuk (els\u0151sorban kiejt\u00e9s\u00fck) r\u00e9v\u00e9n sokat tesznek a magyar nyelv \u00e1pol\u00e1s\u00e1nak \u00fcgy\u00e9\u00e9rt.<\/p>\n\n\n\n<h3><a href=\"http:\/\/szepmagyarbeszed.hu\/?page_id=23\">P\u00c9CHY BLANKA-D\u00cdJ<\/a><\/h3>\n\n\n\n<p>P\u00e9chy Blanka \u00e9rdemes m\u0171v\u00e9szr\u0151l 1994-ben neveztek el d\u00edjat, ezt 2000-t\u0151l a Sz\u00e9p magyar besz\u00e9d verseny eredm\u00e9nyhirdet\u00e9s\u00e9n adj\u00e1k \u00e1t azoknak a tan\u00e1roknak, akik sz\u00e1m\u00e1ra a magyar nyelv \u0151rz\u00e9se, gazdag\u00edt\u00e1sa k\u00f6z\u00f6ss\u00e9gi \u00e9s egy\u00e9ni feladat is egyben.<\/p>\n\n\n\n<h3><a href=\"http:\/\/szepmagyarbeszed.hu\/?page_id=47\">Z. SZAB\u00d3 L\u00c1SZL\u00d3-D\u00cdJ<\/a><\/h3>\n\n\n\n<p>Iskol\u00e1nk Z. Szab\u00f3 L\u00e1szl\u00f3 tan\u00e1r \u00far hal\u00e1la ut\u00e1n eml\u00e9k\u00e9rmet alap\u00edtott a tan\u00edtv\u00e1nyaikat a Kazinczy-versenyre folyamatosan magas szinten felk\u00e9sz\u00edt\u0151 tan\u00e1rok sz\u00e1m\u00e1ra. A d\u00edjat el\u0151sz\u00f6r 1994-ben adtuk \u00e1t.<\/p>\n\n\n\n<h3><a href=\"http:\/\/szepmagyarbeszed.hu\/?page_id=49\">KAZINCZY-\u00c9RMESEK<\/a><\/h3>\n\n\n\n<p>1992 \u00f3ta h\u00e1rom kateg\u00f3ri\u00e1ban \u00f6sszesen 35 di\u00e1k veheti \u00e1t \u00e9vente a Kazinczy-\u00e9rmet, ezzel is elismerve nagyszer\u0171 teljes\u00edtm\u00e9ny\u00fcket. Az al\u00e1bbiakban a legutols\u00f3, a 2018-as 54. Sz\u00e9p Magyar Besz\u00e9d Kazinczy-\u00e9rmeseit olvashatj\u00e1k.<\/p>\n","protected":false},"excerpt":{"rendered":"<p>A Kazinczy-d\u00edj a sz\u00e9p magyar besz\u00e9d\u00e9rt oda\u00edt\u00e9lt elismer\u00e9s, a legr\u00e9gebbi \u00e9s legrangosabb d\u00edj az anyanyelv\u00e1pol\u00f3 mozgalomban. Az orsz\u00e1gos d\u00f6nt\u0151n emellett az alap\u00edt\u00f3 P\u00e9chy Blanka illetve Z. Szab\u00f3 L\u00e1szl\u00f3 nev\u00e9vel f\u00e9mjelzett&hellip; <\/p>\n","protected":false},"author":1,"featured_media":0,"parent":0,"menu_order":0,"comment_status":"closed","ping_status":"closed","template":"","meta":[],"_links":{"self":[{"href":"https:\/\/szepmagyarbeszed.hu\/index.php?rest_route=\/wp\/v2\/pages\/58"}],"collection":[{"href":"https:\/\/szepmagyarbeszed.hu\/index.php?rest_route=\/wp\/v2\/pages"}],"about":[{"href":"https:\/\/szepmagyarbeszed.hu\/index.php?rest_route=\/wp\/v2\/types\/page"}],"author":[{"embeddable":true,"href":"https:\/\/szepmagyarbeszed.hu\/index.php?rest_route=\/wp\/v2\/users\/1"}],"replies":[{"embeddable":true,"href":"https:\/\/szepmagyarbeszed.hu\/index.php?rest_route=%2Fwp%2Fv2%2Fcomments&post=58"}],"version-history":[{"count":2,"href":"https:\/\/szepmagyarbeszed.hu\/index.php?rest_route=\/wp\/v2\/pages\/58\/revisions"}],"predecessor-version":[{"id":132,"href":"https:\/\/szepmagyarbeszed.hu\/index.php?rest_route=\/wp\/v2\/pages\/58\/revisions\/132"}],"wp:attachment":[{"href":"https:\/\/szepmagyarbeszed.hu\/index.php?rest_route=%2Fwp%2Fv2%2Fmedia&parent=58"}],"curies":[{"name":"wp","href":"https:\/\/api.w.org\/{rel}","templated":true}]}}