{"id":72,"date":"2019-12-08T00:40:13","date_gmt":"2019-12-08T00:40:13","guid":{"rendered":"http:\/\/szepmagyarbeszed.hu\/?page_id=72"},"modified":"2019-12-13T22:26:52","modified_gmt":"2019-12-13T22:26:52","slug":"kiadvanyaink","status":"publish","type":"page","link":"https:\/\/szepmagyarbeszed.hu\/?page_id=72","title":{"rendered":"KIADV\u00c1NYAINK"},"content":{"rendered":"\n<h3>A Kazinczy Ferenc Gimn\u00e1zium gondoz\u00e1s\u00e1ban illetve k\u00f6zrem\u0171k\u00f6d\u00e9s\u00e9vel kiadott m\u0171vek bibliogr\u00e1fi\u00e1ja<br> <\/h3>\n\n\n\n<p><em>K\u00e9sz\u00edtette: Ann\u00e1sin\u00e9 Mez\u0151 Anik\u00f3 (2011-ig) \u00e9s Nagy \u00c9va Ildik\u00f3 (2012-t\u0151l)<\/em><\/p>\n\n\n\n<p><strong>1958<\/strong><\/p>\n\n\n\n<p>A Gy\u0151ri \u00c1llami Kazinczy Ferenc \u00c1ltal\u00e1nos Le\u00e1nygimn\u00e1zium Jubileumi \u00c9vk\u00f6nyve. \u00d6ssze\u00e1ll.: Szab\u00f3 J\u00e1nos, Dr. Horv\u00e1th Edit, Barab\u00e1s Sarolta, et.al. {Gy\u0151r, Gy\u0151ri \u00c1llami Kazinczy Ferenc \u00c1ltal\u00e1nos Le\u00e1nygimn\u00e1zium, 1958}. 40 p. ill. (K\u00e9sz\u00fclt az iskola fenn\u00e1ll\u00e1s\u00e1nak 50. \u00e9v\u00e9ben)<\/p>\n\n\n\n<p><strong>1964<\/strong><\/p>\n\n\n\n<p>A gy\u0151ri Kazinczy Ferenc Gimn\u00e1zium \u00e9s Szakk\u00f6z\u00e9piskola \u00e9vk\u00f6nyve 1959-1964.<strong> <\/strong>Szerk.: H\u00e9rics Lajosn\u00e9, Dr. Lakatos L\u00e1szl\u00f3, Makkosi Jen\u0151, Moln\u00e1r M\u00e1rta, Z. Szab\u00f3 L\u00e1szl\u00f3. Gy\u0151r, {Kazinczy Ferenc Gimn\u00e1zium \u00e9s Szakk\u00f6z\u00e9piskola}, 1964. 132 p. ill.<\/p>\n\n\n\n<p><strong>1978<\/strong><\/p>\n\n\n\n<p>Z. Szab\u00f3 L\u00e1szl\u00f3-Wacha Imre: A Kazinczy-versenyek t\u00f6rt\u00e9nete. Gy\u0151r, 1978. 271 p. ill.<\/p>\n\n\n\n<p><strong>1980<\/strong><\/p>\n\n\n\n<p>Kazinczy Ferenc T\u00fcbingiai p\u00e1lyam\u0171ve (1808). Szerk. \u00e9s ut\u00f3sz\u00f3: Z. Szab\u00f3 L\u00e1szl\u00f3. Gy\u0151r, Kazinczy Ferenc Gimn\u00e1zium \u00e9s Eg\u00e9szs\u00e9g\u00fcgyi Szakk\u00f6z\u00e9piskola, 1980. 47 p.<\/p>\n\n\n\n<p><strong>1981<\/strong><\/p>\n\n\n\n<p>\u00c1rny\u00e9krajzolatok (Kazinczy Ferenc maga kez\u00e9vel 1814). Rexa Dezs\u0151 \u00c1rny\u00e9krajzolatok c\u00edm\u0171 k\u00f6tet\u00e9nek felhaszn\u00e1l\u00e1s\u00e1val szerk. \u00e9s ut\u00f3sz\u00f3 Z. Szab\u00f3 L\u00e1szl\u00f3. Gy\u0151r, Kazinczy Ferenc Gimn\u00e1zium \u00e9s Eg\u00e9szs\u00e9g\u00fcgyi Szakk\u00f6z\u00e9piskola, 1981. 77 p. ill. (Megjelent Kazinczy Ferenc hal\u00e1l\u00e1nak 150. \u00e9vfordul\u00f3j\u00e1n)<\/p>\n\n\n\n<p><strong>1983<\/strong><\/p>\n\n\n\n<p>A Kazinczy Ferenc Gimn\u00e1zium \u00e9s Eg\u00e9szs\u00e9g\u00fcgyi Szakk\u00f6z\u00e9piskola \u00e9vk\u00f6nyve 1908-1983.Szerk.: Z. Szab\u00f3 L\u00e1szl\u00f3. {Gy\u0151r, Kazinczy Ferenc Gimn\u00e1zium \u00e9s Eg\u00e9szs\u00e9g\u00fcgyi Szakk\u00f6z\u00e9piskola, 1983} 128 p. ill. <\/p>\n\n\n\n<p><strong>1984<\/strong><\/p>\n\n\n\n<p>Kazinczy Ferenc koszor\u00faja (Magyar k\u00f6lt\u0151k versei Kazinczy Ferencr\u0151l). V\u00e1l. szerk. \u00e9s bev.: Z. Szab\u00f3 L\u00e1szl\u00f3. Gy\u0151r, Kazinczy Ferenc Gimn\u00e1zium \u00e9s Eg\u00e9szs\u00e9g\u00fcgyi Szakk\u00f6z\u00e9piskola, 1984. 72 p. (Megjelent Kazinczy Ferenc sz\u00fclet\u00e9s\u00e9nek 225. \u00e9vfordul\u00f3j\u00e1ra)<\/p>\n\n\n\n<p><strong>1985<\/strong><\/p>\n\n\n\n<p>Vallom\u00e1s (K\u00f6lt\u0151k az anyanyelvr\u0151l). Szerk.: Z. Szab\u00f3 L\u00e1szl\u00f3. Gy\u0151r, Kazinczy Ferenc Gimn\u00e1zium, 1985. 96 p.<\/p>\n\n\n\n<p><strong>1986<\/strong><\/p>\n\n\n\n<p>Kazinczy Ferencn\u00e9 T\u00f6r\u00f6k Sophie levelez\u00e9se. A leveleket felkutatta, bev. \u00e9s jegyz.: V. Busa Margit, Guzmics \u00e9s a Kazinczy-hagyat\u00e9k c\u00edm\u0171 tanulm\u00e1ny: Z. Szab\u00f3 L\u00e1szl\u00f3. Gy\u0151r, Kazinczy Ferenc Gimn\u00e1zium, 1986. 100 p. ill.<\/p>\n\n\n\n<p><strong>1987<\/strong><\/p>\n\n\n\n<p>P\u00e1zm\u00e1ndi Horv\u00e1t Endre: Gy\u0151r visszav\u00e9tele (A\u2019 XVIdik Sz\u00e1zadb\u00fal Val\u00f3 Hazai T\u00f6rt\u00e9neten \u00c9p\u00fcltt H\u0151si J\u00e1t\u00e9k H\u00e1rom Felvon\u00e1sban.) Szerk.: Z. Szab\u00f3 L\u00e1szl\u00f3. Gy\u0151r, Kazinczy Ferenc Gimn\u00e1zium, 1987. 78 p. ill.<\/p>\n\n\n\n<p><strong>1988<\/strong><\/p>\n\n\n\n<p>R\u00e9vai Mikl\u00f3s: A nyelvr\u0151l \u00e9s a nyelvm\u0171vel\u00e9sr\u0151l. Szerk. \u00e9s ut\u00f3sz\u00f3: Z. Szab\u00f3 L\u00e1szl\u00f3. Gy\u0151r, Kazinczy Ferenc Gimn\u00e1zium, 1988. 77 p. ill.<\/p>\n\n\n\n<p><strong>1990<\/strong><\/p>\n\n\n\n<p>Kazinczy Lajos anyj\u00e1hoz \u00edrt levelei. Szerk. \u00e9s k\u00eds\u00e9r\u0151 tanulm\u00e1ny: Z. Szab\u00f3 L\u00e1szl\u00f3. Gy\u0151r, Kazinczy Ferenc Gimn\u00e1zium, 1990. 73 p. ill. (Megjelent a Kazinczy- versenyek 1990. \u00e9vi 25. jubileumi d\u00f6nt\u0151j\u00e9re)<\/p>\n\n\n\n<p>P\u00e9chy Blanka eml\u00e9kezete. Tanulm\u00e1nyok. Szerk.: Hercegi K\u00e1roly. Gy\u0151r, M\u0171vel\u0151d\u00e9si Miniszt\u00e9rium, Kazinczy Ferenc Gimn\u00e1zium, 1990. 59 p. ill (Megjelent a Kazinczy- versenyek 25. jubileum\u00e1ra)<\/p>\n\n\n\n<p><strong>1991<\/strong><\/p>\n\n\n\n<p>Z. Szab\u00f3 L\u00e1szl\u00f3, Wacha Imre: A Kazinczy-versenyek huszon\u00f6t \u00e9ve. Gy\u0151r, Kazinczy Ferenc Gimn\u00e1zium, 1991. 166 p. ill. <\/p>\n\n\n\n<p><strong>1992<\/strong><\/p>\n\n\n\n<p>Csak csend ne legyen (Hat\u00e1rainkon t\u00fali k\u00f6lt\u0151k az anyanyelvr\u0151l). V\u00e1l. \u00e9s ut\u00f3sz\u00f3: Z. Szab\u00f3 L\u00e1szl\u00f3. Gy\u0151r, Kazinczy Ferenc Gimn\u00e1zium, 1992. 127 p. ill.<\/p>\n\n\n\n<p><strong>1993<\/strong><\/p>\n\n\n\n<p>Kazinczy Ferenc Pannonhalm\u00e1n (Z. Szab\u00f3 L\u00e1szl\u00f3 eml\u00e9k\u00e9nek). Szerk. \u00e9s bev.: Busa Margit. Gy\u0151r, Kazinczy Ferenc Gimn\u00e1zium, 1993. 79 p. ill. (Bibl.: A Kazinczy- versenyek d\u00f6nt\u0151je alkalm\u00e1b\u00f3l megjelent k\u00f6tetek)<\/p>\n\n\n\n<p><strong>1995<\/strong><\/p>\n\n\n\n<p>Anyanyelv\u00fcnk szolg\u00e1lat\u00e1ban. (P\u00e9chy Blanka, Z. Szab\u00f3 L\u00e1szl\u00f3, L\u0151rincze Lajos eml\u00e9k\u00e9nek). Szerk.: H\u00e9rics Lajosn\u00e9. Gy\u0151r, Kazinczy Ferenc Gimn\u00e1zium, 1995. 152 p.ill.<\/p>\n\n\n\n<p><strong>1996<\/strong><\/p>\n\n\n\n<p>A Kazinczy Ferenc Gimn\u00e1zium \u00e9vk\u00f6nyve az 1995\/96-os tan\u00e9vr\u0151l. Szerk.: H\u00e9rics Lajosn\u00e9, N\u00e9meth Tibor, Sz\u00edv\u00f3sn\u00e9 V\u00e1s\u00e1rhelyi Zsuzsa. Gy\u0151r, Kazinczy Ferenc Gimn\u00e1zium, 1996. 133 p.<\/p>\n\n\n\n<p><strong>1997<\/strong><\/p>\n\n\n\n<p>Anyanyelv\u00fcnk vonz\u00e1s\u00e1ban (Nyelvtud\u00f3sok, nyelv\u00e9szek \u00e9s nyelvm\u0171vel\u0151k Gy\u0151r-Moson-Sopron megy\u00e9ben). Szerk.: H\u00e9rics Lajosn\u00e9. Gy\u0151r, Kazinczy Ferenc Gimn\u00e1zium, 1997. 168 p. ill.<\/p>\n\n\n\n<p>A Kazinczy Ferenc Gimn\u00e1zium \u00e9vk\u00f6nyve az 1996\/97-es tan\u00e9vr\u0151l. Szerk.: H\u00e9rics Lajosn\u00e9, N\u00e9meth Tibor, Sz\u00edv\u00f3sn\u00e9 V\u00e1s\u00e1rhelyi Zsuzsa. Gy\u0151r, Kazinczy Ferenc Gimn\u00e1zium, 1997. 116 p.<\/p>\n\n\n\n<p><strong>1998<\/strong><\/p>\n\n\n\n<p>Ma is k\u00f6z\u00f6tt\u00fcnk\u2026 Eml\u00e9kek P\u00e9chy Blank\u00e1r\u00f3l. Szerk.: H\u00e9rics Lajosn\u00e9. Gy\u0151r, Kazinczy Ferenc Gimn\u00e1zium, 1998. 105 p. ill.<\/p>\n\n\n\n<p>A Kazinczy Ferenc Gimn\u00e1zium \u00e9vk\u00f6nyve az 1997\/98-as tan\u00e9vr\u0151l. Szerk.: H\u00e9rics Lajosn\u00e9, N\u00e9meth Tibor, Sz\u00edv\u00f3sn\u00e9 V\u00e1s\u00e1rhelyi Zsuzsa. Gy\u0151r, Kazinczy Ferenc Gimn\u00e1zium, 1998. 144 p.<\/p>\n\n\n\n<p><strong>1999<\/strong><\/p>\n\n\n\n<p>Orb\u00e1nn\u00e9 dr. Horv\u00e1th M\u00e1rta: Z. Szab\u00f3 L\u00e1szl\u00f3 (1927-1992) v\u00e1logatott bibliogr\u00e1fi\u00e1ja. Gy\u0151r, Kazinczy Ferenc Gimn\u00e1zium, 1999. 129 p.<\/p>\n\n\n\n<p>A Kazinczy Ferenc Gimn\u00e1zium \u00e9vk\u00f6nyve az 1998\/99-es tan\u00e9vr\u0151l. Szerk.: H\u00e9rics Lajosn\u00e9, N\u00e9meth Tibor, Sz\u00edv\u00f3sn\u00e9 V\u00e1s\u00e1rhelyi Zsuzsa, Varjas G\u00e1bor L\u00e1szl\u00f3. Gy\u0151r, Kazinczy Ferenc Gimn\u00e1zium, 1999. 121 p. 2000<\/p>\n\n\n\n<p>\u201eMondd, \u00e9s \u00e9n hallom\u2026\u201d A k\u00f6z\u00e9piskol\u00e1sok gy\u0151ri Kazinczy-versenyei. Szerk.: H\u00e9rics Lajosn\u00e9. Gy\u0151r, Kazinczy Ferenc Gimn\u00e1zium, 2000. 134 p. ill.<\/p>\n\n\n\n<p>A Kazinczy Ferenc Gimn\u00e1zium \u00e9vk\u00f6nyve az 1999\/2000-es tan\u00e9vr\u0151l. Szerk.: H\u00e9rics Lajosn\u00e9, N\u00e9meth Tibor, Mikl\u00f3syn\u00e9 Nagy Marietta, Sz\u00edv\u00f3sn\u00e9 V\u00e1s\u00e1rhelyi Zsuzsa. Gy\u0151r, Kazinczy Ferenc Gimn\u00e1zium, 2000. 110 p. 2001<\/p>\n\n\n\n<p>A Kazinczy Ferenc Gimn\u00e1zium \u00e9vk\u00f6nyve az 2000\/2001-es tan\u00e9vr\u0151l. Szerk.: H\u00e9rics Lajosn\u00e9, N\u00e9meth Tibor, Mikl\u00f3syn\u00e9 Nagy Marietta, Sz\u00edv\u00f3sn\u00e9 V\u00e1s\u00e1rhelyi Zsuzsa. Gy\u0151r, Kazinczy Ferenc Gimn\u00e1zium, 2001. 100 p. 2002<\/p>\n\n\n\n<p>A Kazinczy Ferenc Gimn\u00e1zium \u00e9vk\u00f6nyve az 2001\/2002-es tan\u00e9vr\u0151l. Szerk.: H\u00e9rics Lajosn\u00e9, N\u00e9meth Tibor, Mikl\u00f3syn\u00e9 Nagy Marietta, Sz\u00edv\u00f3sn\u00e9 V\u00e1s\u00e1rhelyi Zsuzsa. Gy\u0151r, Kazinczy Ferenc Gimn\u00e1zium, 2002. 90 p.<\/p>\n\n\n\n<p><strong>2003<\/strong><\/p>\n\n\n\n<p>Deme L\u00e1szl\u00f3: A sz\u00f6veg term\u00e9szet\u00e9r\u0151l \u00e9s hangz\u00e1s\u00e1r\u00f3l (tall\u00f3z\u00e1s n\u00e9gy \u00e9vtized tarl\u00f3j\u00e1n). Gy\u0151r, Kazinczy Ferenc Gimn\u00e1zium, 2003. 110 p. (H\u00e9rics Lajosn\u00e9 Kiss Aranka kit\u00f6r\u00f6lhetetlen eml\u00e9k\u00e9nek)<\/p>\n\n\n\n<p>A Kazinczy Ferenc Gimn\u00e1zium \u00e9vk\u00f6nyve az 2002\/2003-as tan\u00e9vr\u0151l. Szerk.: N\u00e9meth Tibor, Mikl\u00f3syn\u00e9 Nagy Marietta, Sz\u00edv\u00f3sn\u00e9 V\u00e1s\u00e1rhelyi Zsuzsa. Gy\u0151r, Kazinczy Ferenc Gimn\u00e1zium, 2003. 108 p.<\/p>\n\n\n\n<p><strong>2004<\/strong><\/p>\n\n\n\n<p>In memoriam H\u00e9rics Lajosn\u00e9. Szerk.: Sz\u00edv\u00f3sn\u00e9 V\u00e1s\u00e1rhelyi Zsuzsanna. Gy\u0151r, Kazinczy Ferenc Gimn\u00e1zium \u00e9s Koll\u00e9gium, 2004. 57 p. ill.<\/p>\n\n\n\n<p>A Kazinczy Ferenc Gimn\u00e1zium \u00e9vk\u00f6nyve az 2003\/2004-es tan\u00e9vr\u0151l. Szerk.: N\u00e9meth Tibor, Mikl\u00f3syn\u00e9 Nagy Marietta, Sz\u00edv\u00f3sn\u00e9 V\u00e1s\u00e1rhelyi Zsuzsa. Gy\u0151r, Kazinczy Ferenc Gimn\u00e1zium, 2004. 111 p.<\/p>\n\n\n\n<p><strong>2005<\/strong><\/p>\n\n\n\n<p>\u201e\u0150rizzen a sz\u00f3\u2026\u201d Z. Szab\u00f3 L\u00e1szl\u00f3 eml\u00e9kezete. Szerk.: Sz\u00edv\u00f3sn\u00e9 V\u00e1s\u00e1rhelyi<br> Zsuzsanna. Gy\u0151r, Kazinczy Ferenc Gimn\u00e1zium \u00e9s Koll\u00e9gium, 2005. 96 p. ill.<\/p>\n\n\n\n<p>Az elfelejtett \u201elengyel\u201d (G\u00e1bor G\u00e9za eml\u00e9k\u00e9re). Szerk.: Sz\u00edv\u00f3sn\u00e9 V\u00e1s\u00e1rhelyi Zsuzsanna. Gy\u0151r, Kazinczy Ferenc Gimn\u00e1zium \u00e9s Koll\u00e9gium, Gy\u0151r V\u00e1ros Lengyel Kisebbs\u00e9gi \u00d6nkorm\u00e1nyzata, 2005. 81 p. ill.<\/p>\n\n\n\n<p>A Kazinczy Ferenc Gimn\u00e1zium \u00e9vk\u00f6nyve az 2004\/2005-\u00f6s tan\u00e9vr\u0151l. Szerk.: N\u00e9meth Tibor, Mikl\u00f3syn\u00e9 Nagy Marietta, Sz\u00edv\u00f3sn\u00e9 V\u00e1s\u00e1rhelyi Zsuzsa. Gy\u0151r, Kazinczy Ferenc Gimn\u00e1zium, 2005. 101 p.<\/p>\n\n\n\n<p><strong>2006<\/strong><\/p>\n\n\n\n<p>A Kazinczy Ferenc Gimn\u00e1zium \u00e9vk\u00f6nyve az 2005\/2006-os tan\u00e9vr\u0151l. Szerk.: Gecsei Kolos, N\u00e9meth Tibor, Sz\u00edv\u00f3sn\u00e9 V\u00e1s\u00e1rhelyi Zsuzsanna. Gy\u0151r, Kazinczy Ferenc Gimn\u00e1zium \u00e9s Koll\u00e9gium, 2006. 93 p. <\/p>\n\n\n\n<p><strong>2007<\/strong><\/p>\n\n\n\n<p>Csak csend ne legyen (Hat\u00e1rainkon t\u00fali k\u00f6lt\u0151k az anyanyelvr\u0151l. 1992-2007). V\u00e1l. \u00e9s ut\u00f3sz\u00f3: Z. Szab\u00f3 L\u00e1szl\u00f3. 2. kiad. Gy\u0151r, Kazinczy Ferenc Gimn\u00e1zium, Palatia Bt. 2007. 112 p. ill.<\/p>\n\n\n\n<p>A Kazinczy Ferenc Gimn\u00e1zium \u00e9vk\u00f6nyve az 2006\/2007-es tan\u00e9vr\u0151l. Szerk.: Gecsei Kolos, N\u00e9meth Tibor, Sz\u00edv\u00f3sn\u00e9 V\u00e1s\u00e1rhelyi Zsuzsanna. Gy\u0151r, Kazinczy Ferenc Gimn\u00e1zium \u00e9s Koll\u00e9gium, 2007. 95 p.<\/p>\n\n\n\n<p><strong>2008<\/strong><\/p>\n\n\n\n<p>\u201eGy\u0151r nem a vil\u00e1g, de a mi kis vil\u00e1gunk\u2026\u201d. L\u00e1m Frigyes (tan\u00e1r, k\u00f6lt\u0151,  irodalomt\u00f6rt\u00e9n\u00e9sz \u00e9s m\u0171ford\u00edt\u00f3). Szerk.: Baksa P\u00e9ter. Gy\u0151r, Kazinczy Ferenc Gimn\u00e1zium, 2008. 127 p.Karsain\u00e9 Horv\u00e1th Kl\u00e1ra: Anyanyelvi feladatok. Szerk.: Gecsei Kolos. Gy\u0151r, Kazinczy Ferenc Gimn\u00e1zium, 2008. 79 p.<\/p>\n\n\n\n<p>A Kazinczy Ferenc Gimn\u00e1zium Jubileumi \u00c9vk\u00f6nyve 1908-2008. Szerk.: N\u00e9meth Tibor, Sz\u00edv\u00f3sn\u00e9 V\u00e1s\u00e1rhelyi Zsuzsanna, Vad\u00e1sz Anna. Gy\u0151r, Kazinczy Ferenc Gimn\u00e1zium, 2008. 301 p. ill. (K\u00e9sz\u00fclt a Kazinczy Ferenc Gimn\u00e1zium fenn\u00e1ll\u00e1s\u00e1na \u00e9vfordul\u00f3j\u00e1ra, 2008-ban)<\/p>\n\n\n\n<p>Kazinczynak poetai berke. Szerk. ut\u00f3sz\u00f3, jegyz.: Gecsei Kolos, el\u0151sz\u00f3: Dr Kov\u00e1ts D\u00e1niel, bibl.: Horv\u00e1th Krisztina. Gy\u0151r, Kazinczy Ferenc Gimn\u00e1zium, 2008. 161 p. ill. ISBN 978-963-06-4719-9<\/p>\n\n\n\n<p>Tabl\u00f3k k\u00f6nyve. Kazinczy Ferenc Gimn\u00e1zium \u2013 Gy\u0151r. F\u0151szerk.: Moln\u00e1r L\u00e1szl\u00f3. Gy\u0151r \u2013 Nagykanizsa, Kazinczy Ferenc Gimn\u00e1zium \u2013 M-M Bt., 2008. 328 p. ill. ISBN 978-963-87858-3-1<\/p>\n\n\n\n<p><strong>2009<\/strong><\/p>\n\n\n\n<p>Kazinczy Ferenc koszor\u00faja (Magyar k\u00f6lt\u0151k versei Kazinczy Ferencr\u0151l). V\u00e1l. szerk. \u00e9s bev.: Z. Szab\u00f3 L\u00e1szl\u00f3. 2. r\u00e9szben \u00e1tdolgozott kiad. Gy\u0151r, Kazinczy Ferenc Gimn\u00e1zium, 2009. 69 p. ill. ISBN 978-963-88555-0-3 (Megjelent Kazinczy Ferenc sz\u00fclet\u00e9s\u00e9nek 250. \u00e9vfordul\u00f3j\u00e1ra)<\/p>\n\n\n\n<p>Radn\u00f3ti koszor\u00faja II. Magyar k\u00f6lt\u0151k versei Radn\u00f3ti Mikl\u00f3sr\u00f3l 1979-2009. V\u00e1l. \u00e9s szerk.: Baksa P\u00e9ter, Gecsei Kolos. Gy\u0151r, Kazinczy Ferenc Gimn\u00e1zium, 2009. 115 p  ill. ISBN 978-963-06-07142-2 \u00f6, ISBN 978-963-06-7144-6 (II. k\u00f6tet) (Megjelent Radn\u00f3ti Mikl\u00f3s sz\u00fclet\u00e9s\u00e9nek 100. \u00e9vfordul\u00f3j\u00e1ra)<\/p>\n\n\n\n<p>Fried Istv\u00e1n: \u201eAki napjait a sz\u00e9pnek szentel\u00e9\u2026\u201d Fejezetek Kazinczy Ferenc p\u00e1lyak\u00e9p\u00e9b\u0151l \u00e9s ut\u00f3kora eml\u00e9kezet\u00e9b\u0151l. Szerk.: Kov\u00e1ts D\u00e1niel. S\u00e1toralja\u00fajhely \u2013 Szeged, Kazinczy Ferenc T\u00e1rsas\u00e1g, 2009. 175 p. ill. ISBN 978-963-87221-4-0 (Megjelent a Kazinczy Ferenc eml\u00e9k\u00e9vben, az \u00edr\u00f3 sz\u00fclet\u00e9s\u00e9nek 250. \u00e9vfordul\u00f3ja tisztelet\u00e9re) A k\u00f6tet kiad\u00e1s\u00e1t a gimn\u00e1zium t\u00e1mogatta<\/p>\n\n\n\n<p><strong>2010<\/strong><\/p>\n\n\n\n<p>Kazinczy Ferenc: A magyar nyelv polg\u00e1ri nyelvv\u00e9 emel\u00e9se fel\u0151l. T\u00fcbingiai p\u00e1lyam\u0171 Szerk. Gecsei Kolos, Horv\u00e1th Krisztina. Gy\u0151r, Kazinczy Ferenc Gimn\u00e1zium, 2010. 101 p. ill. ISBN 978-963-88555-1-0 (Megjelent a Kazinczyr\u00f3l elnevezett Sz\u00e9p Magyar Besz\u00e9d verseny 45. orsz\u00e1gos d\u00f6nt\u0151j\u00e9re)<\/p>\n\n\n\n<p><strong>2011<\/strong><\/p>\n\n\n\n<p>Wacha Imre: A Kazinczy-versenyek \u00e9s a helyes kiejt\u00e9s n\u00e9h\u00e1ny k\u00e9rd\u00e9s\u00e9r\u0151l. Gy\u0151r, Kazinczy Ferenc Gimn\u00e1zium, 2011. 160 p. ISBN 978-963-88555-2-7 (Megjelent a Kazinczyr\u00f3l elnevezett Sz\u00e9p Magyar Besz\u00e9d verseny 46. orsz\u00e1gos d\u00f6nt\u0151j\u00e9re)<\/p>\n\n\n\n<p><strong>2012<\/strong><\/p>\n\n\n\n<p>Di\u00f3f\u00e1t \u00fcltetek, nem magamnak, hanem a k\u00e9s\u0151 ut\u00f3kornak. Eml\u00e9kk\u00f6tet Deme L\u00e1szl\u00f3 nyelv\u00e9szprofesszor tisztelet\u00e9re. Szerk. Wacha Imre. Gy\u0151r, Kazinczy Ferenc Gimn\u00e1zium Alap\u00edtv\u00e1nya, 2012. 172 p. ISBN 978-963-88555-3-4<\/p>\n\n\n\n<p><strong>2013<\/strong><\/p>\n\n\n\n<p>Bicz\u00f3 Zal\u00e1n: \u00c9letrajzi lexikon a gy\u0151ri Le\u00e1nygimn\u00e1zium tan\u00e1rair\u00f3l 1908-1950. Szerk. Ann\u00e1sin\u00e9 Mez\u0151 Anik\u00f3, N\u00e9meth Tibor, Sz\u00edv\u00f3sn\u00e9 V\u00e1s\u00e1rhelyi Zsuzsanna. Gy\u0151r, Kazinczy Ferenc Gimn\u00e1zium Alap\u00edtv\u00e1nya, 2013. 94 p. ISBN 978-963-88555-4-1<\/p>\n\n\n\n<p><strong>2015<\/strong><\/p>\n\n\n\n<p>Fried Istv\u00e1n: Kazinczy Ferenc \u00f6nk\u00e9pe \u00e9s \u00fczenetei. Szerk.: Kov\u00e1ts D\u00e1niel. Gy\u0151r, Kazinczy Ferenc Gimn\u00e1zium, 2015. 184 p. ISBN 978-963-88555-5-8 (Megjelent a Kazinczy Ferencr\u0151l elnevezett Sz\u00e9p Magyar Besz\u00e9d verseny 50. K\u00e1rp\u00e1t-medencei d\u00f6nt\u0151j\u00e9re)<\/p>\n\n\n\n<p>\u201eHa f\u00f6ldbe sz\u00farok t\u00edz-h\u00fasz babkar\u00f3t\u2026\u201d. Szemelv\u00e9nyek Deme L\u00e1szl\u00f3 nyelv\u00e9szprofesszor szem\u00e9lyes-szakmai \u00edr\u00e1saib\u00f3l. Gy\u0151r, Kazinczy Ferenc Gimn\u00e1zium, p. ISBN 978-963-12-2056-8 (Megjelent a Kazinczyr\u00f3l elnevezett Sz\u00e9p Magyar Besz\u00e9d verseny 50. orsz\u00e1gos d\u00f6nt\u0151j\u00e9re)<\/p>\n\n\n\n<p>A Kazinczy-verseny 50 \u00e9ve. szerk.: Sz\u00edv\u00f3sn\u00e9 V\u00e1s\u00e1rhelyi Zsuzsanna. Gy\u0151r, Kazinczy Ferenc Gimn\u00e1zium, 2015. 171 p. ISBN 978-963-12-2179-4 (Megjelent a Kazinczy Ferencr\u0151l elnevezett Sz\u00e9p Magyar Besz\u00e9d verseny 50. K\u00e1rp\u00e1t-medencei d\u00f6nt\u0151j\u00e9re)<\/p>\n\n\n\n<p><strong>2016<\/strong><\/p>\n\n\n\n<p>Kerekes Barnab\u00e1s: Felk\u00e9sz\u00fcl\u00e9s a Kazinczy-versenyre. M\u00f3dszertani seg\u00e9dlet \u00e9s sz\u00f6veggy\u0171jtem\u00e9ny. Gy\u0151r, Kazinczy Ferenc Gimn\u00e1zium Alap\u00edtv\u00e1nya, 2016. 130 p. ISBN 978-963-88555-6-5 (Megjelent a Kazinczyr\u00f3l elnevezett Sz\u00e9p Magyar Besz\u00e9d verseny 51. K\u00e1rp\u00e1t-medencei d\u00f6nt\u0151j\u00e9re)<\/p>\n\n\n\n<p><strong>2017<\/strong><\/p>\n\n\n\n<p>Kov\u00e1ts D\u00e1niel: Anyanyelv, embers\u00e9g, besz\u00e9dm\u00f3d. \u00cdr\u00e1sok a besz\u00e9d- \u00e9s magatart\u00e1skult\u00far\u00e1r\u00f3l. Gy\u0151r, Kazinczy Ferenc Gimn\u00e1zium Alap\u00edtv\u00e1nya, 2017. 192 p. ISBN 978-963-88555-7-2 (Megjelent a Kazinczyr\u00f3l elnevezett Sz\u00e9p Magyar Besz\u00e9d verseny 52. K\u00e1rp\u00e1t-medencei d\u00f6nt\u0151j\u00e9re)<\/p>\n\n\n\n<p>Wacha Imre: A sz\u00f6veg \u00e9s hangz\u00e1sa. Cikkek, tanulm\u00e1nyok a besz\u00e9dr\u0151l. Gy\u0151r, Kazinczy Ferenc Gimn\u00e1zium Alap\u00edtv\u00e1nya, 2017. 199 p. ISBN 978-963-88555-8-9 (Megjelent a Kazinczyr\u00f3l elnevezett Sz\u00e9p Magyar Besz\u00e9d verseny 52. K\u00e1rp\u00e1t-medencei d\u00f6nt\u0151j\u00e9re)<\/p>\n\n\n\n<p><strong>2018<\/strong><\/p>\n\n\n\n<p>Szauder J\u00f3zsef: Kazinczy Ferenc, az ember \u00e9s az alkot\u00f3. Gy\u0151r, Kazinczy Ferenc Gimn\u00e1zium Alap\u00edtv\u00e1nya, 2018. 200 p. ISBN 978-963-88555-9-6 (Megjelent a Kazinczyr\u00f3l elnevezett Sz\u00e9p Magyar Besz\u00e9d verseny 53. K\u00e1rp\u00e1t-medencei d\u00f6nt\u0151j\u00e9re)<\/p>\n\n\n\n<p>Wacha Imre: A k\u00f6znyelvi besz\u00e9d hangz\u00e1s\u00e1nak fogalomt\u00e1ra. Gy\u0151r, Kazinczy Ferenc Gimn\u00e1zium Alap\u00edtv\u00e1nya, 2018. 264 p. ISBN 978-615-80975-0-5 (Megjelent a Kazinczyr\u00f3l elnevezett Sz\u00e9p Magyar Besz\u00e9d verseny 53. K\u00e1rp\u00e1t-medencei d\u00f6nt\u0151j\u00e9re)<\/p>\n\n\n\n<p><strong>2019<\/strong><\/p>\n\n\n\n<p>\u00daton a sz\u00e9p magyar besz\u00e9dhez. \u00cdr\u00e1sok a Kazinczy-versenyek tapasztalatair\u00f3l. szerk. Kov\u00e1ts D\u00e1niel, N\u00e9meth Tibor, Sz\u00edv\u00f3sn\u00e9 V\u00e1s\u00e1rhelyi Zsuzsanna. Gy\u0151r, Kazinczy Ferenc Gimn\u00e1zium Alap\u00edtv\u00e1nya, 2019. 216 p. ISBN 978-615-80975-1-2 (Megjelent a Kazinczyr\u00f3l elnevezett Sz\u00e9p Magyar Besz\u00e9d verseny 54. K\u00e1rp\u00e1t-medencei d\u00f6nt\u0151j\u00e9re)<\/p>\n","protected":false},"excerpt":{"rendered":"<p>A Kazinczy Ferenc Gimn\u00e1zium gondoz\u00e1s\u00e1ban illetve k\u00f6zrem\u0171k\u00f6d\u00e9s\u00e9vel kiadott m\u0171vek bibliogr\u00e1fi\u00e1ja K\u00e9sz\u00edtette: Ann\u00e1sin\u00e9 Mez\u0151 Anik\u00f3 (2011-ig) \u00e9s Nagy \u00c9va Ildik\u00f3 (2012-t\u0151l) 1958 A Gy\u0151ri \u00c1llami Kazinczy Ferenc \u00c1ltal\u00e1nos Le\u00e1nygimn\u00e1zium Jubileumi \u00c9vk\u00f6nyve.&hellip; <\/p>\n","protected":false},"author":1,"featured_media":0,"parent":0,"menu_order":0,"comment_status":"closed","ping_status":"closed","template":"","meta":[],"_links":{"self":[{"href":"https:\/\/szepmagyarbeszed.hu\/index.php?rest_route=\/wp\/v2\/pages\/72"}],"collection":[{"href":"https:\/\/szepmagyarbeszed.hu\/index.php?rest_route=\/wp\/v2\/pages"}],"about":[{"href":"https:\/\/szepmagyarbeszed.hu\/index.php?rest_route=\/wp\/v2\/types\/page"}],"author":[{"embeddable":true,"href":"https:\/\/szepmagyarbeszed.hu\/index.php?rest_route=\/wp\/v2\/users\/1"}],"replies":[{"embeddable":true,"href":"https:\/\/szepmagyarbeszed.hu\/index.php?rest_route=%2Fwp%2Fv2%2Fcomments&post=72"}],"version-history":[{"count":8,"href":"https:\/\/szepmagyarbeszed.hu\/index.php?rest_route=\/wp\/v2\/pages\/72\/revisions"}],"predecessor-version":[{"id":140,"href":"https:\/\/szepmagyarbeszed.hu\/index.php?rest_route=\/wp\/v2\/pages\/72\/revisions\/140"}],"wp:attachment":[{"href":"https:\/\/szepmagyarbeszed.hu\/index.php?rest_route=%2Fwp%2Fv2%2Fmedia&parent=72"}],"curies":[{"name":"wp","href":"https:\/\/api.w.org\/{rel}","templated":true}]}}